{"id":3,"date":"2022-04-04T18:20:15","date_gmt":"2022-04-04T23:20:15","guid":{"rendered":"https:\/\/tienda.axti.net\/?page_id=3"},"modified":"2022-04-07T14:58:58","modified_gmt":"2022-04-07T19:58:58","slug":"politica-privacidad","status":"publish","type":"page","link":"https:\/\/www.axti.mx\/old\/politica-privacidad\/","title":{"rendered":"Aviso de Privacidad"},"content":{"rendered":"\n<p>De acuerdo al aviso de privacidad y con fundamento en los art\u00edculos 15 y 16 de la Ley Federal de Protecci\u00f3n de Datos Personales en Posesi\u00f3n de Particulares hacemos de su conocimiento que Axel Emmanuel Guti\u00e9rrez G\u00f3mez as\u00ed como Grupo AXTI, con domicilio matr\u00edz en Priv. 6ta Moctezuma 57, Colonia Reforma, Chiautempan, Tlaxcala 90805 en M\u00e9xico es responsable del manejo y uso que se le den a sus datos personales.<\/p>\n\n\n\n<p>Hacemos de su conocimiento que dicha informaci\u00f3n ser\u00e1 \u00fanicamente utilizada para fines comerciales relacionados a nuestra empresa y giro como lo son: informaci\u00f3n de eventos, avisos de promociones, invitaciones, etc.<\/p>\n\n\n\n<p>Usted tiene derecho al Acceso, Rectificaci\u00f3n y Cancelaci\u00f3n de sus datos personales, a Oponerse al tratamiento de los mismos o a revocar el consentimiento que para dicho fin nos haya otorgado. Para ello, es necesario que env\u00ede la solicitud en los t\u00e9rminos que marca la Ley en su Art. 29 a Departamento de Protecci\u00f3n de Datos Personales, responsable de nuestro Departamento de Protecci\u00f3n de Datos Personales, ubicado en Priv. 6ta Moctezuma 57, Colonia Reforma, Chiautempan, Tlaxcala 90805 M\u00e9xico\u00a0o bien, se comunique al tel\u00e9fono (246) 468-7563 o v\u00eda correo electr\u00f3nico a soporte@axti.net, el cual solicitamos confirme v\u00eda telef\u00f3nica para garantizar su correcta recepci\u00f3n.<\/p>\n\n\n\n<p>En caso de que no desee de recibir mensajes promocionales de nuestra parte, puede enviarnos su solicitud por medio de la direcci\u00f3n electr\u00f3nica:soporte@axti.net Importante: Cualquier modificaci\u00f3n a este Aviso de Privacidad podr\u00e1 consultarlo en\u00a0<a href=\"https:\/\/yaxsis.com\/politica-privacidad\">https:\/\/axti.net\/politica-privacidad<\/a><\/p>\n\n\n\n<p>Fecha de \u00faltima actualizaci\u00f3n: 10\/06\/2021<\/p>\n","protected":false},"excerpt":{"rendered":"<p>De acuerdo al aviso de privacidad y con fundamento en los art\u00edculos 15 y 16 de la Ley Federal de Protecci\u00f3n de Datos Personales en Posesi\u00f3n de Particulares hacemos de su conocimiento que Axel Emmanuel Guti\u00e9rrez G\u00f3mez as\u00ed como Grupo AXTI, con domicilio matr\u00edz en Priv. 6ta Moctezuma 57, Colonia Reforma, Chiautempan, Tlaxcala 90805 en [&hellip;]<\/p>\n","protected":false},"author":1,"featured_media":0,"parent":0,"menu_order":0,"comment_status":"closed","ping_status":"closed","template":"","meta":{"footnotes":""},"class_list":["post-3","page","type-page","status-publish","hentry"],"_links":{"self":[{"href":"https:\/\/www.axti.mx\/old\/wp-json\/wp\/v2\/pages\/3","targetHints":{"allow":["GET"]}}],"collection":[{"href":"https:\/\/www.axti.mx\/old\/wp-json\/wp\/v2\/pages"}],"about":[{"href":"https:\/\/www.axti.mx\/old\/wp-json\/wp\/v2\/types\/page"}],"author":[{"embeddable":true,"href":"https:\/\/www.axti.mx\/old\/wp-json\/wp\/v2\/users\/1"}],"replies":[{"embeddable":true,"href":"https:\/\/www.axti.mx\/old\/wp-json\/wp\/v2\/comments?post=3"}],"version-history":[{"count":0,"href":"https:\/\/www.axti.mx\/old\/wp-json\/wp\/v2\/pages\/3\/revisions"}],"wp:attachment":[{"href":"https:\/\/www.axti.mx\/old\/wp-json\/wp\/v2\/media?parent=3"}],"curies":[{"name":"wp","href":"https:\/\/api.w.org\/{rel}","templated":true}]}}