{"id":1794,"date":"2022-04-07T15:08:45","date_gmt":"2022-04-07T20:08:45","guid":{"rendered":"https:\/\/tienda.axti.net\/?page_id=1794"},"modified":"2022-04-20T15:47:33","modified_gmt":"2022-04-20T20:47:33","slug":"terminos-y-condiciones","status":"publish","type":"page","link":"https:\/\/www.axti.mx\/old\/terminos-y-condiciones\/","title":{"rendered":"T\u00e9rminos y Condiciones"},"content":{"rendered":"\t\t<div data-elementor-type=\"wp-page\" data-elementor-id=\"1794\" class=\"elementor elementor-1794\" data-elementor-post-type=\"page\">\n\t\t\t\t\t\t<section data-particle_enable=\"false\" data-particle-mobile-disabled=\"false\" class=\"elementor-section elementor-top-section elementor-element elementor-element-dc4410e elementor-section-boxed elementor-section-height-default elementor-section-height-default\" data-id=\"dc4410e\" data-element_type=\"section\">\n\t\t\t\t\t\t<div class=\"elementor-container elementor-column-gap-default\">\n\t\t\t\t\t<div class=\"elementor-column elementor-col-100 elementor-top-column elementor-element elementor-element-3880d766\" data-id=\"3880d766\" data-element_type=\"column\">\n\t\t\t<div class=\"elementor-widget-wrap elementor-element-populated\">\n\t\t\t\t\t\t<div class=\"elementor-element elementor-element-ab2f0a6 elementor-widget elementor-widget-heading\" data-id=\"ab2f0a6\" data-element_type=\"widget\" data-widget_type=\"heading.default\">\n\t\t\t\t<div class=\"elementor-widget-container\">\n\t\t\t\t\t<h2 class=\"elementor-heading-title elementor-size-default\">T\u00e9rminos y Condiciones<\/h2>\t\t\t\t<\/div>\n\t\t\t\t<\/div>\n\t\t\t\t\t<\/div>\n\t\t<\/div>\n\t\t\t\t\t<\/div>\n\t\t<\/section>\n\t\t\t\t<section data-particle_enable=\"false\" data-particle-mobile-disabled=\"false\" class=\"elementor-section elementor-top-section elementor-element elementor-element-db15492 elementor-section-boxed elementor-section-height-default elementor-section-height-default\" data-id=\"db15492\" data-element_type=\"section\">\n\t\t\t\t\t\t<div class=\"elementor-container elementor-column-gap-default\">\n\t\t\t\t\t<div class=\"elementor-column elementor-col-100 elementor-top-column elementor-element elementor-element-d24a099\" data-id=\"d24a099\" data-element_type=\"column\">\n\t\t\t<div class=\"elementor-widget-wrap elementor-element-populated\">\n\t\t\t\t\t\t<div class=\"elementor-element elementor-element-74ccc40 elementor-widget elementor-widget-heading\" data-id=\"74ccc40\" data-element_type=\"widget\" data-widget_type=\"heading.default\">\n\t\t\t\t<div class=\"elementor-widget-container\">\n\t\t\t\t\t<h3 class=\"elementor-heading-title elementor-size-default\">Pol\u00edticas de Venta<\/h3>\t\t\t\t<\/div>\n\t\t\t\t<\/div>\n\t\t\t\t<div class=\"elementor-element elementor-element-7f5f263 elementor-widget elementor-widget-text-editor\" data-id=\"7f5f263\" data-element_type=\"widget\" data-widget_type=\"text-editor.default\">\n\t\t\t\t<div class=\"elementor-widget-container\">\n\t\t\t\t\t\t\t\t\t<ol>\n<li>Todos los precios mostrados en la tienda virtual son de contado y en moneda nacional e incluyen IVA, cualquier otro m\u00e9todo de pago puede variar el monto total. Todos los precios est\u00e1n sujetos a cambio sin previo aviso.<\/li>\n<li>Al realizar un pedido v\u00eda paso a recoger est\u00e1 expuesto a cualquier cambio de precio o existencia ya que los pedidos no pagados no generan apartado ni garant\u00eda de precio, para dicho fin es necesario pagar al momento de su pedido con los m\u00e9todos de pago disponibles en nuestra p\u00e1gina.<\/li>\n<li>Toda promoci\u00f3n publicada est\u00e1 sujeta a existencias y a cualquier cambio de precio sin previo aviso. El d\u00f3lar americano es factor para cambio de precios.<\/li>\n<li>Todas las descripciones en las fichas t\u00e9cnicas de los productos pueden cambiar de un momento a otro debido a actualizaciones o mejoras del producto.<\/li>\n<li>Las im\u00e1genes publicadas de los productos son solo de referencia y pueden variar.<\/li>\n<\/ol>\t\t\t\t\t\t\t\t<\/div>\n\t\t\t\t<\/div>\n\t\t\t\t<div class=\"elementor-element elementor-element-42d888f elementor-widget elementor-widget-heading\" data-id=\"42d888f\" data-element_type=\"widget\" data-widget_type=\"heading.default\">\n\t\t\t\t<div class=\"elementor-widget-container\">\n\t\t\t\t\t<h3 class=\"elementor-heading-title elementor-size-default\">Pol\u00edticas de entregas y env\u00edos<\/h3>\t\t\t\t<\/div>\n\t\t\t\t<\/div>\n\t\t\t\t<div class=\"elementor-element elementor-element-276fa4d elementor-widget elementor-widget-text-editor\" data-id=\"276fa4d\" data-element_type=\"widget\" data-widget_type=\"text-editor.default\">\n\t\t\t\t<div class=\"elementor-widget-container\">\n\t\t\t\t\t\t\t\t\t<p>Los pedidos se embarcan \u00fanicamente de lunes a viernes y siempre y cuando sean d\u00edas laborales. Al cerrar el pedido el cliente debe revisar la disponibilidad de entrega en su zona seg\u00fan las paqueter\u00edas disponibles bas\u00e1ndose en su c\u00f3digo postal o lista de destinos que nuestro sistema le proporciona.<\/p>\n<p>El envi\u00f3 de la mercanc\u00eda se realizar\u00e1 despu\u00e9s de que el pago haya sido acreditado, por ning\u00fan motivo se enviar\u00e1 mercanc\u00eda sin recibir antes el pago. En el caso de cheques la mercanc\u00eda se entrega o embarca hasta confirmar el dep\u00f3sito en firme y nunca se entregar\u00e1 mercanc\u00eda con dep\u00f3sitos \u00absalvo buen cobro\u00bb.<\/p>\t\t\t\t\t\t\t\t<\/div>\n\t\t\t\t<\/div>\n\t\t\t\t<div class=\"elementor-element elementor-element-0cfbdd8 elementor-widget elementor-widget-heading\" data-id=\"0cfbdd8\" data-element_type=\"widget\" data-widget_type=\"heading.default\">\n\t\t\t\t<div class=\"elementor-widget-container\">\n\t\t\t\t\t<h3 class=\"elementor-heading-title elementor-size-default\">Tiempos de entrega<\/h3>\t\t\t\t<\/div>\n\t\t\t\t<\/div>\n\t\t\t\t<div class=\"elementor-element elementor-element-5c45213 elementor-widget elementor-widget-text-editor\" data-id=\"5c45213\" data-element_type=\"widget\" data-widget_type=\"text-editor.default\">\n\t\t\t\t<div class=\"elementor-widget-container\">\n\t\t\t\t\t\t\t\t\t<p>El tiempo de entrega de su pedido es responsabilidad total de la paqueter\u00eda de su elecci\u00f3n. Nosotros nos comprometemos a embarcar su pedido en un m\u00e1ximo de 24 horas despu\u00e9s de haber confirmado el pago en firme. Los tiempos que nos garantizan las paqueter\u00edas en promedio son de un m\u00e1ximo de 5 d\u00edas h\u00e1biles.<\/p>\t\t\t\t\t\t\t\t<\/div>\n\t\t\t\t<\/div>\n\t\t\t\t<div class=\"elementor-element elementor-element-3bb0960 elementor-widget elementor-widget-heading\" data-id=\"3bb0960\" data-element_type=\"widget\" data-widget_type=\"heading.default\">\n\t\t\t\t<div class=\"elementor-widget-container\">\n\t\t\t\t\t<h3 class=\"elementor-heading-title elementor-size-default\">Direcci\u00f3n de env\u00edo<\/h3>\t\t\t\t<\/div>\n\t\t\t\t<\/div>\n\t\t\t\t<div class=\"elementor-element elementor-element-8719494 elementor-widget elementor-widget-text-editor\" data-id=\"8719494\" data-element_type=\"widget\" data-widget_type=\"text-editor.default\">\n\t\t\t\t<div class=\"elementor-widget-container\">\n\t\t\t\t\t\t\t\t\t<p>Los pedidos ser\u00e1n enviados exclusivamente a la direcci\u00f3n capturada en el proceso de registro, misma que se notificar\u00e1 a la hora de confirmar el pedido, no nos hacemos responsables en casos de datos err\u00f3neos o mal capturados<\/p>\t\t\t\t\t\t\t\t<\/div>\n\t\t\t\t<\/div>\n\t\t\t\t<div class=\"elementor-element elementor-element-8978395 elementor-widget elementor-widget-heading\" data-id=\"8978395\" data-element_type=\"widget\" data-widget_type=\"heading.default\">\n\t\t\t\t<div class=\"elementor-widget-container\">\n\t\t\t\t\t<h3 class=\"elementor-heading-title elementor-size-default\">Costos del env\u00edo<\/h3>\t\t\t\t<\/div>\n\t\t\t\t<\/div>\n\t\t\t\t<div class=\"elementor-element elementor-element-a53bfdb elementor-widget elementor-widget-text-editor\" data-id=\"a53bfdb\" data-element_type=\"widget\" data-widget_type=\"text-editor.default\">\n\t\t\t\t<div class=\"elementor-widget-container\">\n\t\t\t\t\t\t\t\t\t<p>Los costos del env\u00edo son calculados en base al peso y volumen de los productos y de acuerdo al tipo de env\u00edo elegido con la empresa de mensajer\u00eda. En el carrito de compra, al momento de cerrar su pedido elija la paqueter\u00eda de su preferencia y autom\u00e1ticamente la p\u00e1gina hace el c\u00e1lculo y le mostrar\u00e1 el costo del env\u00edo. En caso de ser flete gratis se cobra $0.01 para tener el concepto en un CFDI, debido a que con la nueva versi\u00f3n de CFDI del SAT no permite conceptos en $0, y as\u00ed mismo para una cuesti\u00f3n de seguro o posible reclamo con la empresa de paqueter\u00eda.<\/p>\t\t\t\t\t\t\t\t<\/div>\n\t\t\t\t<\/div>\n\t\t\t\t<div class=\"elementor-element elementor-element-3fdf0e1 elementor-widget elementor-widget-heading\" data-id=\"3fdf0e1\" data-element_type=\"widget\" data-widget_type=\"heading.default\">\n\t\t\t\t<div class=\"elementor-widget-container\">\n\t\t\t\t\t<h3 class=\"elementor-heading-title elementor-size-default\">Empaque de los productos<\/h3>\t\t\t\t<\/div>\n\t\t\t\t<\/div>\n\t\t\t\t<div class=\"elementor-element elementor-element-68ae357 elementor-widget elementor-widget-text-editor\" data-id=\"68ae357\" data-element_type=\"widget\" data-widget_type=\"text-editor.default\">\n\t\t\t\t<div class=\"elementor-widget-container\">\n\t\t\t\t\t\t\t\t\t<p>Los pedidos se env\u00edan debidamente empacados, si usted recibe en mal estado el pedido evite recibirlo y reportarlo en menos de 24 horas a la compa\u00f1\u00eda de mensajer\u00eda y a nuestro Centro de atenci\u00f3n a clientes para que se le de el seguimiento adecuado. En caso de aceptarlo no nos haremos responsables de cualquier anomal\u00eda o garant\u00eda.<\/p>\t\t\t\t\t\t\t\t<\/div>\n\t\t\t\t<\/div>\n\t\t\t\t<div class=\"elementor-element elementor-element-6ac5239 elementor-widget elementor-widget-heading\" data-id=\"6ac5239\" data-element_type=\"widget\" data-widget_type=\"heading.default\">\n\t\t\t\t<div class=\"elementor-widget-container\">\n\t\t\t\t\t<h3 class=\"elementor-heading-title elementor-size-default\">Rastreo de pedidos en internet<\/h3>\t\t\t\t<\/div>\n\t\t\t\t<\/div>\n\t\t\t\t<div class=\"elementor-element elementor-element-7bb5cd9 elementor-widget elementor-widget-text-editor\" data-id=\"7bb5cd9\" data-element_type=\"widget\" data-widget_type=\"text-editor.default\">\n\t\t\t\t<div class=\"elementor-widget-container\">\n\t\t\t\t\t\t\t\t\t<p>Una vez que hayamos enviado su pedido se le proporcionar\u00e1 el n\u00famero de gu\u00eda v\u00eda correo electr\u00f3nico con el cual podr\u00e1 rastrear el status del pedido por medio de la p\u00e1gina web de la compa\u00f1\u00eda de mensajer\u00eda.<\/p>\t\t\t\t\t\t\t\t<\/div>\n\t\t\t\t<\/div>\n\t\t\t\t<div class=\"elementor-element elementor-element-415c870 elementor-widget elementor-widget-heading\" data-id=\"415c870\" data-element_type=\"widget\" data-widget_type=\"heading.default\">\n\t\t\t\t<div class=\"elementor-widget-container\">\n\t\t\t\t\t<h3 class=\"elementor-heading-title elementor-size-default\">Pol\u00edticas de garant\u00eda<\/h3>\t\t\t\t<\/div>\n\t\t\t\t<\/div>\n\t\t\t\t<div class=\"elementor-element elementor-element-1e73cd3 elementor-widget elementor-widget-text-editor\" data-id=\"1e73cd3\" data-element_type=\"widget\" data-widget_type=\"text-editor.default\">\n\t\t\t\t<div class=\"elementor-widget-container\">\n\t\t\t\t\t\t\t\t\t<ol>\n<li>En el caso de falla de productos de las marcas que cuenten con centro de servicio (acer, samsung, hp, lg, epson, emachines, epcom, hikvision, dahua, etc) la garant\u00eda corre por cuenta de ellos mismos desde el primer d\u00eda de compra. Favor de ubicar los domicilios y tel\u00e9fonos de dichos centros de servicio en la documentaci\u00f3n impresa o digital incluida en sus productos. Nuestra empresa no esta autorizada para tramitar ninguna garant\u00eda de este tipo.<\/li>\n<li>Si reclama alguna garant\u00eda que al momento de su revisi\u00f3n funcione correctamente, es decir, que no proceda garant\u00eda, se har\u00e1 un cargo por revisi\u00f3n a partir de $80 pesos.<\/li>\n<li>Es 100% responsabilidad del cliente la compatibilidad de las piezas adquiridas con nuestra empresa. Si el producto que compra no es compatible no se hacen devoluciones.<\/li>\n<li>En la falla de discos duros por cualquier causa que proceda la garant\u00eda, solo se repone el producto sin incluir instalaci\u00f3n ni configuraci\u00f3n de ning\u00fan tipo.<\/li>\n<li>No procede ninguna garant\u00eda en la cual el producto presente cualquier tipo de da\u00f1o f\u00edsico por m\u00ednimo que sea (ralladuras, quebrados, pintados, doblados, quemados, etc.).<\/li>\n<li>Todo producto a garant\u00eda debe entregarse completo (cables, manuales, drivers, cd\u2019s, empaques, etc.) De lo contrario no se aceptara.<\/li>\n<li>El valor de los productos esta sujeto a devaluaci\u00f3n dependiendo del estado, del tipo de cambio del d\u00f3lar y antig\u00fcedad de la compra.<\/li>\n<li>Los monitores y TV\u2019s LCD aplica garant\u00eda a partir de 5 pixeles da\u00f1ados, 4 o menos no aplica.<\/li>\n<li>El cambio inmediato del producto procede \u00fanicamente dentro de los 2 primeros meses de garant\u00eda siempre y cuando la marca no cuente con centro de servicio nacional, despu\u00e9s de dos meses se tiene que esperar respuesta del proveedor.<\/li>\n<li>No se aceptan cambios ni devoluciones.<\/li>\n<li>La instalaci\u00f3n de software no tiene ning\u00fan tipo de garant\u00eda (sistema operativo, programas, etc.).<\/li>\n<li>Se invalida garant\u00eda por causas ajenas a condiciones optimas de trabajo (polvo excesivo, tecuejos, cucarachas, insectos, etc. ).<\/li>\n<li>Para garant\u00edas for\u00e1neas: el cliente env\u00eda el flete del producto pagado a la empresa y la empresa a su vez lo regresa pagado. Es decir cada parte cubre su env\u00edo. En caso de que la garant\u00eda no proceda o el producto est\u00e9 funcionando correctamente el cliente tambi\u00e9n deber\u00e1 cubrir su flete de retorno.<\/li>\n<\/ol>\t\t\t\t\t\t\t\t<\/div>\n\t\t\t\t<\/div>\n\t\t\t\t<div class=\"elementor-element elementor-element-85798e5 elementor-widget elementor-widget-spacer\" data-id=\"85798e5\" data-element_type=\"widget\" data-widget_type=\"spacer.default\">\n\t\t\t\t<div class=\"elementor-widget-container\">\n\t\t\t\t\t\t\t<div class=\"elementor-spacer\">\n\t\t\t<div class=\"elementor-spacer-inner\"><\/div>\n\t\t<\/div>\n\t\t\t\t\t\t<\/div>\n\t\t\t\t<\/div>\n\t\t\t\t\t<\/div>\n\t\t<\/div>\n\t\t\t\t\t<\/div>\n\t\t<\/section>\n\t\t\t\t<\/div>\n\t\t","protected":false},"excerpt":{"rendered":"<p>T\u00e9rminos y Condiciones Pol\u00edticas de Venta Todos los precios mostrados en la tienda virtual son de contado y en moneda nacional e incluyen IVA, cualquier otro m\u00e9todo de pago puede variar el monto total. Todos los precios est\u00e1n sujetos a cambio sin previo aviso. Al realizar un pedido v\u00eda paso a recoger est\u00e1 expuesto a [&hellip;]<\/p>\n","protected":false},"author":1,"featured_media":0,"parent":0,"menu_order":0,"comment_status":"closed","ping_status":"closed","template":"","meta":{"footnotes":""},"class_list":["post-1794","page","type-page","status-publish","hentry"],"_links":{"self":[{"href":"https:\/\/www.axti.mx\/old\/wp-json\/wp\/v2\/pages\/1794","targetHints":{"allow":["GET"]}}],"collection":[{"href":"https:\/\/www.axti.mx\/old\/wp-json\/wp\/v2\/pages"}],"about":[{"href":"https:\/\/www.axti.mx\/old\/wp-json\/wp\/v2\/types\/page"}],"author":[{"embeddable":true,"href":"https:\/\/www.axti.mx\/old\/wp-json\/wp\/v2\/users\/1"}],"replies":[{"embeddable":true,"href":"https:\/\/www.axti.mx\/old\/wp-json\/wp\/v2\/comments?post=1794"}],"version-history":[{"count":0,"href":"https:\/\/www.axti.mx\/old\/wp-json\/wp\/v2\/pages\/1794\/revisions"}],"wp:attachment":[{"href":"https:\/\/www.axti.mx\/old\/wp-json\/wp\/v2\/media?parent=1794"}],"curies":[{"name":"wp","href":"https:\/\/api.w.org\/{rel}","templated":true}]}}