{"id":10,"date":"2022-04-07T15:05:20","date_gmt":"2022-04-07T20:05:20","guid":{"rendered":"https:\/\/tienda.axti.net\/?page_id=10"},"modified":"2022-04-07T15:05:21","modified_gmt":"2022-04-07T20:05:21","slug":"reembolso_devoluciones","status":"publish","type":"page","link":"https:\/\/www.axti.mx\/old\/reembolso_devoluciones\/","title":{"rendered":"Pol\u00edticas de devoluci\u00f3n"},"content":{"rendered":"\n<h1 class=\"wp-block-heading\" id=\"title-page\">POL\u00cdTICAS DE DEVOLUCI\u00d3N<\/h1>\n\n\n\n<p>Para poder solicitar una cancelaci\u00f3n o reembolso por concepto de devoluci\u00f3n es requisito indispensable que el reclamo se haga dentro de los 3 primeros d\u00edas h\u00e1biles de la compra, adem\u00e1s el producto debe estar sin uso, es decir, empaques y sellos sin romper. El reembolso ser\u00e1 por medio de nota de cr\u00e9dito aplicable a cualquier otro producto, no hacemos devoluciones de dinero.<\/p>\n\n\n\n<p>En el caso de reclamo de devoluci\u00f3n posterior del tercer d\u00eda de la compra, se har\u00e1 v\u00eda nota de cr\u00e9dito de un m\u00e1ximo del 70% del valor del producto considerando el perfecto estado tanto f\u00edsico como de empaques, accesorios, etc. No se hacen reembolsos por productos que tengan falla, en estos casos es necesario respetar las pol\u00edticas de garant\u00eda.<\/p>\n\n\n\n<p>No aplica devoluci\u00f3n por ning\u00fan motivo en los siguientes productos: cartuchos, consumibles, cd, dvd, procesadores, software, sistemas de seguridad, impresoras y computadoras de marca.<\/p>\n","protected":false},"excerpt":{"rendered":"<p>POL\u00cdTICAS DE DEVOLUCI\u00d3N Para poder solicitar una cancelaci\u00f3n o reembolso por concepto de devoluci\u00f3n es requisito indispensable que el reclamo se haga dentro de los 3 primeros d\u00edas h\u00e1biles de la compra, adem\u00e1s el producto debe estar sin uso, es decir, empaques y sellos sin romper. El reembolso ser\u00e1 por medio de nota de cr\u00e9dito [&hellip;]<\/p>\n","protected":false},"author":1,"featured_media":0,"parent":0,"menu_order":0,"comment_status":"closed","ping_status":"closed","template":"","meta":{"footnotes":""},"class_list":["post-10","page","type-page","status-publish","hentry"],"_links":{"self":[{"href":"https:\/\/www.axti.mx\/old\/wp-json\/wp\/v2\/pages\/10","targetHints":{"allow":["GET"]}}],"collection":[{"href":"https:\/\/www.axti.mx\/old\/wp-json\/wp\/v2\/pages"}],"about":[{"href":"https:\/\/www.axti.mx\/old\/wp-json\/wp\/v2\/types\/page"}],"author":[{"embeddable":true,"href":"https:\/\/www.axti.mx\/old\/wp-json\/wp\/v2\/users\/1"}],"replies":[{"embeddable":true,"href":"https:\/\/www.axti.mx\/old\/wp-json\/wp\/v2\/comments?post=10"}],"version-history":[{"count":0,"href":"https:\/\/www.axti.mx\/old\/wp-json\/wp\/v2\/pages\/10\/revisions"}],"wp:attachment":[{"href":"https:\/\/www.axti.mx\/old\/wp-json\/wp\/v2\/media?parent=10"}],"curies":[{"name":"wp","href":"https:\/\/api.w.org\/{rel}","templated":true}]}}